{"id":50,"date":"2012-10-15T21:41:03","date_gmt":"2012-10-15T21:41:03","guid":{"rendered":"http:\/\/cafe-filsbach.de\/?page_id=50"},"modified":"2017-11-10T13:00:31","modified_gmt":"2017-11-10T12:00:31","slug":"kreativ-werkstatt","status":"publish","type":"page","link":"http:\/\/filsbach.com\/?page_id=50","title":{"rendered":"Kreativ-Werkstatt"},"content":{"rendered":"<h2><a href=\"http:\/\/filsbach.com\/wp-content\/uploads\/2012\/10\/Kinder_3.jpg\"><img loading=\"lazy\" class=\"size-thumbnail wp-image-1344 alignleft\" src=\"http:\/\/filsbach.com\/wp-content\/uploads\/2012\/10\/Kinder_3-150x150.jpg\" alt=\"\" width=\"150\" height=\"150\" \/><\/a> <a href=\"http:\/\/filsbach.com\/wp-content\/uploads\/2012\/10\/Essen_4.jpg\"><img loading=\"lazy\" class=\"size-thumbnail wp-image-1345 alignleft\" src=\"http:\/\/filsbach.com\/wp-content\/uploads\/2012\/10\/Essen_4-150x150.jpg\" alt=\"\" width=\"150\" height=\"150\" \/><\/a> <a href=\"http:\/\/filsbach.com\/wp-content\/uploads\/2012\/10\/2017-09-06-20.43.52.jpg\"><img loading=\"lazy\" class=\"size-thumbnail wp-image-1342 alignleft\" src=\"http:\/\/filsbach.com\/wp-content\/uploads\/2012\/10\/2017-09-06-20.43.52-150x150.jpg\" alt=\"\" width=\"150\" height=\"150\" \/><\/a> <a href=\"http:\/\/filsbach.com\/wp-content\/uploads\/2012\/10\/20170712_091254_1499843688941.jpg\"><img loading=\"lazy\" class=\"wp-image-1341 alignleft\" src=\"http:\/\/filsbach.com\/wp-content\/uploads\/2012\/10\/20170712_091254_1499843688941-150x150.jpg\" alt=\"\" width=\"150\" height=\"150\" \/><\/a><\/h2>\n<p>&nbsp;<\/p>\n<p>&nbsp;<\/p>\n<p>&nbsp;<\/p>\n<p>&nbsp;<\/p>\n<p>&nbsp;<\/p>\n<p><strong>\u00a0<\/strong><\/p>\n<p><strong>Konzeption<\/strong><\/p>\n<p>Bei der Kreativ-Werkstatt handelt es sich um ein offenes Angebot, das sich an die 6-13 j\u00e4hrigen Heranwachsenden im Stadtteil Westliche Unterstadt richtet. Es bietet jedoch auch \u00e4lteren Jugendlichen die M\u00f6glichkeit &#8211; in den fr\u00fchen Abendstunden, nachdem die j\u00fcngeren Besucher gegangen sind &#8211; kreativ zu arbeiten und hier ihre Freizeit sinnvoll zu verbringen.<\/p>\n<p>Die Kinder und Jugendlichen kommen in die Kreativ-Werkstatt, um hier an regelm\u00e4\u00dfigen Ausfl\u00fcgen und Freizeiten teilzunehmen, beim Kinderkino mitzuwirken, Fahrradreparaturen durchzuf\u00fchren, freitags zu kochen oder einfach nur mit anderen Kindern zusammen zu sein, Hausaufgaben zu machen oder zu spielen.<\/p>\n<p>Angeschlossen an die Arbeit in der Kreativ-Werkstatt ist \u2013 je nach Kapazit\u00e4t &#8211; die Spielplatzbetreuung des H6-Platzes, so dass bei guter Witterung drau\u00dfen Spielger\u00e4te zum Ausleihen angeboten werden, Freispielangebote stattfinden oder auch k\u00fcnstlerisch unter freiem Himmel gearbeitet, z.B. Ytong bearbeitet wird.<\/p>\n<p>Wichtigstes Element der offenen Kreativ-Werkstatt in der Begegnungsst\u00e4tte ist das kreative Gestalten mit den Kindern und damit einhergehend die Sprachf\u00f6rderung und weitere p\u00e4dagogische Ziele.<\/p>\n<p><strong>\u00d6ffnungszeiten:<\/strong><\/p>\n<p>Montag:<br \/>\n15.00 &#8211; 17.00 Uhr<\/p>\n<p>Dienstag bis Freitag:<br \/>\n14.00 &#8211; 17.00 Uhr<\/p>\n<p><strong>zust\u00e4ndig:<\/strong><\/p>\n<p>Nuri CIHANBEYLI (K\u00fcnstler)<\/p>\n<p>Janine GE\u00d6RG (Soz.P\u00e4d.)<\/p>\n<p><strong>Freitags findet kein Bastelangebot statt, denn da wird mit den Kindern gemeinsam gekocht!<\/strong><\/p>\n<p>[print_gllr id=54 display=short]<\/p>\n","protected":false},"excerpt":{"rendered":"<p>&nbsp; &nbsp; &nbsp; &nbsp; &nbsp; \u00a0 Konzeption Bei der Kreativ-Werkstatt handelt es sich um ein offenes Angebot, das sich an die 6-13 j\u00e4hrigen Heranwachsenden im Stadtteil Westliche Unterstadt richtet. Es bietet jedoch auch \u00e4lteren Jugendlichen die M\u00f6glichkeit &#8211; in den &hellip;<\/p>\n<p class=\"read-more\"> <a class=\"more-link\" href=\"http:\/\/filsbach.com\/?page_id=50\"> <span class=\"screen-reader-text\">Kreativ-Werkstatt<\/span> Read More &raquo;<\/a><\/p>\n","protected":false},"author":1,"featured_media":0,"parent":0,"menu_order":0,"comment_status":"closed","ping_status":"closed","template":"full-width-page.php","meta":[],"_links":{"self":[{"href":"http:\/\/filsbach.com\/index.php?rest_route=\/wp\/v2\/pages\/50"}],"collection":[{"href":"http:\/\/filsbach.com\/index.php?rest_route=\/wp\/v2\/pages"}],"about":[{"href":"http:\/\/filsbach.com\/index.php?rest_route=\/wp\/v2\/types\/page"}],"author":[{"embeddable":true,"href":"http:\/\/filsbach.com\/index.php?rest_route=\/wp\/v2\/users\/1"}],"replies":[{"embeddable":true,"href":"http:\/\/filsbach.com\/index.php?rest_route=%2Fwp%2Fv2%2Fcomments&post=50"}],"version-history":[{"count":11,"href":"http:\/\/filsbach.com\/index.php?rest_route=\/wp\/v2\/pages\/50\/revisions"}],"predecessor-version":[{"id":1349,"href":"http:\/\/filsbach.com\/index.php?rest_route=\/wp\/v2\/pages\/50\/revisions\/1349"}],"wp:attachment":[{"href":"http:\/\/filsbach.com\/index.php?rest_route=%2Fwp%2Fv2%2Fmedia&parent=50"}],"curies":[{"name":"wp","href":"https:\/\/api.w.org\/{rel}","templated":true}]}}