{"id":136,"date":"2012-10-15T22:22:23","date_gmt":"2012-10-15T22:22:23","guid":{"rendered":"http:\/\/cafe-filsbach.de\/?page_id=136"},"modified":"2017-11-10T13:03:20","modified_gmt":"2017-11-10T12:03:20","slug":"quist","status":"publish","type":"page","link":"http:\/\/filsbach.com\/?page_id=136","title":{"rendered":"QuiSt"},"content":{"rendered":"<p><span style=\"font-size: large;\">Qualifizierungsinitiative im Stadtteil<\/span><\/p>\n<p><span style=\"font-size: x-small;\">-gef\u00f6rdert von der Stadt Mannheim &#8211;\u00a0<\/span><\/p>\n<p>&nbsp;<\/p>\n<p><span style=\"font-size: medium;\"><strong>Zielgruppe:<\/strong><\/span><\/p>\n<p style=\"line-height: normal;\">Jugendliche ab 14 Jahren und junge Erwachsene<\/p>\n<p><img loading=\"lazy\" src=\"http:\/\/filsbach.com\/wp-content\/uploads\/2012\/10\/100_1754-160x120.jpg\" alt=\"\" width=\"160\" height=\"120\" \/>\u00a0 \u00a0 \u00a0 \u00a0 \u00a0 \u00a0 \u00a0 \u00a0 \u00a0\u00a0\u00a0\u00a0<img loading=\"lazy\" src=\"http:\/\/filsbach.com\/wp-content\/uploads\/2012\/12\/100_0312-160x120.jpg\" alt=\"\" width=\"160\" height=\"120\" \/>\u00a0 \u00a0 \u00a0 \u00a0 \u00a0 \u00a0 \u00a0 \u00a0 \u00a0 \u00a0<img loading=\"lazy\" src=\"http:\/\/filsbach.com\/wp-content\/uploads\/2012\/12\/Bild010-160x120.jpg\" alt=\"\" width=\"160\" height=\"120\" \/><\/p>\n<p><strong>Inhalte:<\/strong><\/p>\n<p>&nbsp;<\/p>\n<p>* politische Bildung<\/p>\n<p>* Schulische und berufliche Qualifikation<br \/>\n* Training zur sozialen Kompetenz<br \/>\n* Kooperation mit der Johannes-Kepler-Werkrealschule<br \/>\n* Bewerbungstraining<br \/>\n* Pr\u00fcfungsvorbereitung<br \/>\n* Unterst\u00fctzung von Berufsanf\u00e4nger*innen<\/p>\n<p style=\"line-height: normal;\">* Beratung der Eltern<\/p>\n<p>* Beratung bei pers\u00f6nlichen Problemen<\/p>\n<p>* Bkulturelle Bildung<\/p>\n<p style=\"line-height: normal;\">\n<p><img loading=\"lazy\" src=\"http:\/\/filsbach.com\/wp-content\/uploads\/2013\/01\/11012013668.jpg\" alt=\"\" width=\"202\" height=\"151\" \/><\/p>\n<p style=\"line-height: 4mm; text-decoration: none;\">&#8211;<\/p>\n<p style=\"line-height: 4mm; text-decoration: none;\"><strong>Verantwortlich f\u00fcr den Bereich:<\/strong><\/p>\n<p style=\"line-height: 1mm; font-weight: normal;\">G\u00fcven Y\u00f6r\u00fckman \u00a0 \u00a0 \u00a0 \u00a0 \u00a0 \u00a0 \u00a0 \u00a0 \u00a0 \u00a0 \u00a0 \u00a0 \u00a0 \u00a0 \u00a0 \u00a0 \u00a0 \u00a0 \u00a0 \u00a0 \u00a0 \u00a0 \u00a0 \u00a0 \u00a0 \u00a0 \u00a0 \u00a0 \u00a0 \u00a0 \u00a0 \u00a0 \u00a0 \u00a0 \u00a0 Tel.: 0621 25846<\/p>\n<p style=\"line-height: 1mm; font-weight: normal;\">Erziehungswissenschaftler M.A. \u00a0 \u00a0 \u00a0 \u00a0 \u00a0 \u00a0 \u00a0 \u00a0 \u00a0 \u00a0 \u00a0 \u00a0 \u00a0 \u00a0 \u00a0 \u00a0 \u00a0 \u00a0 \u00a0 \u00a0 \u00a0E-Mail: quist@filsbach.com<\/p>\n<p style=\"line-height: 1mm; font-weight: normal;\">&#8211;<\/p>\n<p style=\"line-height: 1mm; font-weight: normal;\">&#8211;<\/p>\n<p><img loading=\"lazy\" src=\"http:\/\/filsbach.com\/wp-content\/uploads\/2012\/10\/13042011171-160x120.jpg\" alt=\"\" width=\"160\" height=\"120\" \/>\u00a0 \u00a0 \u00a0 \u00a0 \u00a0 \u00a0 \u00a0 \u00a0 \u00a0 \u00a0<img loading=\"lazy\" src=\"http:\/\/filsbach.com\/wp-content\/uploads\/2012\/12\/21062011245-160x120.jpg\" alt=\"\" width=\"160\" height=\"120\" \/>\u00a0 \u00a0 \u00a0 \u00a0 \u00a0 \u00a0 \u00a0 \u00a0 \u00a0 \u00a0\u00a0<img loading=\"lazy\" src=\"http:\/\/filsbach.com\/wp-content\/uploads\/2012\/12\/08022012395-160x120.jpg\" alt=\"\" width=\"160\" height=\"120\" \/><\/p>\n<p>&nbsp;<\/p>\n<p><strong>PRESSEBERICHTE:<\/strong><\/p>\n<p><img loading=\"lazy\" src=\"http:\/\/filsbach.com\/wp-content\/uploads\/2013\/01\/Daimler-1.jpg\" alt=\"\" width=\"450\" height=\"300\" \/><\/p>\n<p>Mannheimer Morgen, 04.01.2013<\/p>\n<p>Seit 34 Jahren ist das Caf\u00e9 Filsbach feste Anlaufstelle f\u00fcr Kinder und Jugendliche in der Innenstadt: &#8222;Wir sehen es als unsere Aufgabe an, den \u00dcbergang von der Schule zum Beruf zu erleichtern&#8220;, sagt Gesch\u00e4ftsf\u00fchrerin Heike Gr\u00f6nert im Hinblick auf die p\u00e4dagogischen Ziele der Begegnungsst\u00e4tte Westliche Unterstadt. Im Rahmen der &#8222;Qualifizierung im Stadtteil&#8220; profitieren 120 junge Menschen im Jahr vom Beratungstraining. Umso willkommener ist eine Spende in H\u00f6he von 2000 Euro der Daimler AG.<\/p>\n<p>Weitere Berichte:\u00a0 <a href=\"http:\/\/www.morgenweb.de\/mannheim\/stadtteile\/innenstadt-jungbusch\/arbeit-der-begegnungsstatte-anerkannt-1.859103\">Morgenweb.de<\/a><\/p>\n<p>&nbsp;<\/p>\n<p>&nbsp;<\/p>\n<p>&nbsp;<\/p>\n<h1><strong>FERIENPROGRAMM\u00a0 2015\u00a0 <\/strong><\/h1>\n<p>Weinheim &#8211; Trier &#8211; W\u00fcrzburg &#8211; Eberbach &#8211; Koblenz &#8211; V\u00f6lklingen<\/p>\n<p><a href=\"http:\/\/filsbach.com\/wp-content\/uploads\/2015\/09\/20150909_113130.jpg\"><img loading=\"lazy\" class=\"alignnone size-medium wp-image-1092\" src=\"http:\/\/filsbach.com\/wp-content\/uploads\/2015\/09\/20150909_113130-300x169.jpg\" alt=\"20150909_113130\" width=\"300\" height=\"169\" srcset=\"http:\/\/filsbach.com\/wp-content\/uploads\/2015\/09\/20150909_113130-300x169.jpg 300w, http:\/\/filsbach.com\/wp-content\/uploads\/2015\/09\/20150909_113130.jpg 1024w, http:\/\/filsbach.com\/wp-content\/uploads\/2015\/09\/20150909_113130-100x56.jpg 100w, http:\/\/filsbach.com\/wp-content\/uploads\/2015\/09\/20150909_113130-150x84.jpg 150w, http:\/\/filsbach.com\/wp-content\/uploads\/2015\/09\/20150909_113130-200x113.jpg 200w, http:\/\/filsbach.com\/wp-content\/uploads\/2015\/09\/20150909_113130-450x253.jpg 450w, http:\/\/filsbach.com\/wp-content\/uploads\/2015\/09\/20150909_113130-600x338.jpg 600w, http:\/\/filsbach.com\/wp-content\/uploads\/2015\/09\/20150909_113130-900x506.jpg 900w\" sizes=\"(max-width: 300px) 100vw, 300px\" \/><\/a> <a href=\"http:\/\/filsbach.com\/wp-content\/uploads\/2015\/09\/20150903_130718.jpg\"><img loading=\"lazy\" class=\"alignnone size-medium wp-image-1085\" src=\"http:\/\/filsbach.com\/wp-content\/uploads\/2015\/09\/20150903_130718-300x169.jpg\" alt=\"20150903_130718\" width=\"300\" height=\"169\" srcset=\"http:\/\/filsbach.com\/wp-content\/uploads\/2015\/09\/20150903_130718-300x169.jpg 300w, http:\/\/filsbach.com\/wp-content\/uploads\/2015\/09\/20150903_130718.jpg 1024w, http:\/\/filsbach.com\/wp-content\/uploads\/2015\/09\/20150903_130718-100x56.jpg 100w, http:\/\/filsbach.com\/wp-content\/uploads\/2015\/09\/20150903_130718-150x84.jpg 150w, http:\/\/filsbach.com\/wp-content\/uploads\/2015\/09\/20150903_130718-200x113.jpg 200w, http:\/\/filsbach.com\/wp-content\/uploads\/2015\/09\/20150903_130718-450x253.jpg 450w, http:\/\/filsbach.com\/wp-content\/uploads\/2015\/09\/20150903_130718-600x338.jpg 600w, http:\/\/filsbach.com\/wp-content\/uploads\/2015\/09\/20150903_130718-900x506.jpg 900w\" sizes=\"(max-width: 300px) 100vw, 300px\" \/><\/a> <a href=\"http:\/\/filsbach.com\/wp-content\/uploads\/2015\/09\/20150901_130838.jpg\"><img loading=\"lazy\" class=\"alignnone size-medium wp-image-1078\" src=\"http:\/\/filsbach.com\/wp-content\/uploads\/2015\/09\/20150901_130838-300x169.jpg\" alt=\"20150901_130838\" width=\"300\" height=\"169\" srcset=\"http:\/\/filsbach.com\/wp-content\/uploads\/2015\/09\/20150901_130838-300x169.jpg 300w, http:\/\/filsbach.com\/wp-content\/uploads\/2015\/09\/20150901_130838.jpg 1024w, http:\/\/filsbach.com\/wp-content\/uploads\/2015\/09\/20150901_130838-100x56.jpg 100w, http:\/\/filsbach.com\/wp-content\/uploads\/2015\/09\/20150901_130838-150x84.jpg 150w, http:\/\/filsbach.com\/wp-content\/uploads\/2015\/09\/20150901_130838-200x113.jpg 200w, http:\/\/filsbach.com\/wp-content\/uploads\/2015\/09\/20150901_130838-450x253.jpg 450w, http:\/\/filsbach.com\/wp-content\/uploads\/2015\/09\/20150901_130838-600x338.jpg 600w, http:\/\/filsbach.com\/wp-content\/uploads\/2015\/09\/20150901_130838-900x506.jpg 900w\" sizes=\"(max-width: 300px) 100vw, 300px\" \/><\/a> <a href=\"http:\/\/filsbach.com\/wp-content\/uploads\/2015\/09\/20150901_111500.jpg\"><img loading=\"lazy\" class=\"alignnone size-medium wp-image-1077\" src=\"http:\/\/filsbach.com\/wp-content\/uploads\/2015\/09\/20150901_111500-169x300.jpg\" alt=\"20150901_111500\" width=\"169\" height=\"300\" srcset=\"http:\/\/filsbach.com\/wp-content\/uploads\/2015\/09\/20150901_111500-169x300.jpg 169w, http:\/\/filsbach.com\/wp-content\/uploads\/2015\/09\/20150901_111500-576x1024.jpg 576w, http:\/\/filsbach.com\/wp-content\/uploads\/2015\/09\/20150901_111500-100x178.jpg 100w, http:\/\/filsbach.com\/wp-content\/uploads\/2015\/09\/20150901_111500-150x267.jpg 150w, http:\/\/filsbach.com\/wp-content\/uploads\/2015\/09\/20150901_111500-200x356.jpg 200w, http:\/\/filsbach.com\/wp-content\/uploads\/2015\/09\/20150901_111500-300x533.jpg 300w, http:\/\/filsbach.com\/wp-content\/uploads\/2015\/09\/20150901_111500-450x800.jpg 450w, http:\/\/filsbach.com\/wp-content\/uploads\/2015\/09\/20150901_111500-600x1067.jpg 600w, http:\/\/filsbach.com\/wp-content\/uploads\/2015\/09\/20150901_111500-900x1600.jpg 900w, http:\/\/filsbach.com\/wp-content\/uploads\/2015\/09\/20150901_111500.jpg 432w\" sizes=\"(max-width: 169px) 100vw, 169px\" \/><\/a> <a href=\"http:\/\/filsbach.com\/wp-content\/uploads\/2015\/09\/20150903_095004.jpg\"><img loading=\"lazy\" class=\"alignnone size-medium wp-image-1084\" src=\"http:\/\/filsbach.com\/wp-content\/uploads\/2015\/09\/20150903_095004-300x169.jpg\" alt=\"20150903_095004\" width=\"300\" height=\"169\" srcset=\"http:\/\/filsbach.com\/wp-content\/uploads\/2015\/09\/20150903_095004-300x169.jpg 300w, http:\/\/filsbach.com\/wp-content\/uploads\/2015\/09\/20150903_095004.jpg 1024w, http:\/\/filsbach.com\/wp-content\/uploads\/2015\/09\/20150903_095004-100x56.jpg 100w, http:\/\/filsbach.com\/wp-content\/uploads\/2015\/09\/20150903_095004-150x84.jpg 150w, http:\/\/filsbach.com\/wp-content\/uploads\/2015\/09\/20150903_095004-200x113.jpg 200w, http:\/\/filsbach.com\/wp-content\/uploads\/2015\/09\/20150903_095004-450x253.jpg 450w, http:\/\/filsbach.com\/wp-content\/uploads\/2015\/09\/20150903_095004-600x338.jpg 600w, http:\/\/filsbach.com\/wp-content\/uploads\/2015\/09\/20150903_095004-900x506.jpg 900w\" sizes=\"(max-width: 300px) 100vw, 300px\" \/><\/a> <a href=\"http:\/\/filsbach.com\/wp-content\/uploads\/2015\/09\/20150909_112107.jpg\"><img loading=\"lazy\" class=\"alignnone size-medium wp-image-1091\" src=\"http:\/\/filsbach.com\/wp-content\/uploads\/2015\/09\/20150909_112107-169x300.jpg\" alt=\"20150909_112107\" width=\"169\" height=\"300\" srcset=\"http:\/\/filsbach.com\/wp-content\/uploads\/2015\/09\/20150909_112107-169x300.jpg 169w, http:\/\/filsbach.com\/wp-content\/uploads\/2015\/09\/20150909_112107-576x1024.jpg 576w, http:\/\/filsbach.com\/wp-content\/uploads\/2015\/09\/20150909_112107-100x178.jpg 100w, http:\/\/filsbach.com\/wp-content\/uploads\/2015\/09\/20150909_112107-150x267.jpg 150w, http:\/\/filsbach.com\/wp-content\/uploads\/2015\/09\/20150909_112107-200x356.jpg 200w, http:\/\/filsbach.com\/wp-content\/uploads\/2015\/09\/20150909_112107-300x533.jpg 300w, http:\/\/filsbach.com\/wp-content\/uploads\/2015\/09\/20150909_112107-450x800.jpg 450w, http:\/\/filsbach.com\/wp-content\/uploads\/2015\/09\/20150909_112107-600x1067.jpg 600w, http:\/\/filsbach.com\/wp-content\/uploads\/2015\/09\/20150909_112107-900x1600.jpg 900w, http:\/\/filsbach.com\/wp-content\/uploads\/2015\/09\/20150909_112107.jpg 432w\" sizes=\"(max-width: 169px) 100vw, 169px\" \/><\/a> <a href=\"http:\/\/filsbach.com\/wp-content\/uploads\/2015\/09\/20150909_102920.jpg\"><img loading=\"lazy\" class=\"alignnone size-medium wp-image-1090\" src=\"http:\/\/filsbach.com\/wp-content\/uploads\/2015\/09\/20150909_102920-300x169.jpg\" alt=\"20150909_102920\" width=\"300\" height=\"169\" srcset=\"http:\/\/filsbach.com\/wp-content\/uploads\/2015\/09\/20150909_102920-300x169.jpg 300w, http:\/\/filsbach.com\/wp-content\/uploads\/2015\/09\/20150909_102920.jpg 1024w, http:\/\/filsbach.com\/wp-content\/uploads\/2015\/09\/20150909_102920-100x56.jpg 100w, http:\/\/filsbach.com\/wp-content\/uploads\/2015\/09\/20150909_102920-150x84.jpg 150w, http:\/\/filsbach.com\/wp-content\/uploads\/2015\/09\/20150909_102920-200x113.jpg 200w, http:\/\/filsbach.com\/wp-content\/uploads\/2015\/09\/20150909_102920-450x253.jpg 450w, http:\/\/filsbach.com\/wp-content\/uploads\/2015\/09\/20150909_102920-600x338.jpg 600w, http:\/\/filsbach.com\/wp-content\/uploads\/2015\/09\/20150909_102920-900x506.jpg 900w\" sizes=\"(max-width: 300px) 100vw, 300px\" \/><\/a> <a href=\"http:\/\/filsbach.com\/wp-content\/uploads\/2015\/09\/20150903_094854.jpg\"><img loading=\"lazy\" class=\"alignnone size-medium wp-image-1083\" src=\"http:\/\/filsbach.com\/wp-content\/uploads\/2015\/09\/20150903_094854-300x169.jpg\" alt=\"20150903_094854\" width=\"300\" height=\"169\" srcset=\"http:\/\/filsbach.com\/wp-content\/uploads\/2015\/09\/20150903_094854-300x169.jpg 300w, http:\/\/filsbach.com\/wp-content\/uploads\/2015\/09\/20150903_094854.jpg 1024w, http:\/\/filsbach.com\/wp-content\/uploads\/2015\/09\/20150903_094854-100x56.jpg 100w, http:\/\/filsbach.com\/wp-content\/uploads\/2015\/09\/20150903_094854-150x84.jpg 150w, http:\/\/filsbach.com\/wp-content\/uploads\/2015\/09\/20150903_094854-200x113.jpg 200w, http:\/\/filsbach.com\/wp-content\/uploads\/2015\/09\/20150903_094854-450x253.jpg 450w, http:\/\/filsbach.com\/wp-content\/uploads\/2015\/09\/20150903_094854-600x338.jpg 600w, http:\/\/filsbach.com\/wp-content\/uploads\/2015\/09\/20150903_094854-900x506.jpg 900w\" sizes=\"(max-width: 300px) 100vw, 300px\" \/><\/a> <a href=\"http:\/\/filsbach.com\/wp-content\/uploads\/2015\/09\/20150831_171939.jpg\"><img loading=\"lazy\" class=\"alignnone size-medium wp-image-1076\" src=\"http:\/\/filsbach.com\/wp-content\/uploads\/2015\/09\/20150831_171939-300x169.jpg\" alt=\"20150831_171939\" width=\"300\" height=\"169\" srcset=\"http:\/\/filsbach.com\/wp-content\/uploads\/2015\/09\/20150831_171939-300x169.jpg 300w, http:\/\/filsbach.com\/wp-content\/uploads\/2015\/09\/20150831_171939.jpg 1024w, http:\/\/filsbach.com\/wp-content\/uploads\/2015\/09\/20150831_171939-100x56.jpg 100w, http:\/\/filsbach.com\/wp-content\/uploads\/2015\/09\/20150831_171939-150x84.jpg 150w, http:\/\/filsbach.com\/wp-content\/uploads\/2015\/09\/20150831_171939-200x113.jpg 200w, http:\/\/filsbach.com\/wp-content\/uploads\/2015\/09\/20150831_171939-450x253.jpg 450w, http:\/\/filsbach.com\/wp-content\/uploads\/2015\/09\/20150831_171939-600x338.jpg 600w, http:\/\/filsbach.com\/wp-content\/uploads\/2015\/09\/20150831_171939-900x506.jpg 900w\" sizes=\"(max-width: 300px) 100vw, 300px\" \/><\/a> <a href=\"http:\/\/filsbach.com\/wp-content\/uploads\/2015\/09\/20150902_140932.jpg\"><img loading=\"lazy\" class=\"alignnone size-medium wp-image-1082\" src=\"http:\/\/filsbach.com\/wp-content\/uploads\/2015\/09\/20150902_140932-300x169.jpg\" alt=\"20150902_140932\" width=\"300\" height=\"169\" srcset=\"http:\/\/filsbach.com\/wp-content\/uploads\/2015\/09\/20150902_140932-300x169.jpg 300w, http:\/\/filsbach.com\/wp-content\/uploads\/2015\/09\/20150902_140932.jpg 1024w, http:\/\/filsbach.com\/wp-content\/uploads\/2015\/09\/20150902_140932-100x56.jpg 100w, http:\/\/filsbach.com\/wp-content\/uploads\/2015\/09\/20150902_140932-150x84.jpg 150w, http:\/\/filsbach.com\/wp-content\/uploads\/2015\/09\/20150902_140932-200x113.jpg 200w, http:\/\/filsbach.com\/wp-content\/uploads\/2015\/09\/20150902_140932-450x253.jpg 450w, http:\/\/filsbach.com\/wp-content\/uploads\/2015\/09\/20150902_140932-600x338.jpg 600w, http:\/\/filsbach.com\/wp-content\/uploads\/2015\/09\/20150902_140932-900x506.jpg 900w\" sizes=\"(max-width: 300px) 100vw, 300px\" \/><\/a> <a href=\"http:\/\/filsbach.com\/wp-content\/uploads\/2015\/09\/20150909_102748.jpg\"><img loading=\"lazy\" class=\"alignnone size-medium wp-image-1089\" src=\"http:\/\/filsbach.com\/wp-content\/uploads\/2015\/09\/20150909_102748-300x169.jpg\" alt=\"20150909_102748\" width=\"300\" height=\"169\" srcset=\"http:\/\/filsbach.com\/wp-content\/uploads\/2015\/09\/20150909_102748-300x169.jpg 300w, http:\/\/filsbach.com\/wp-content\/uploads\/2015\/09\/20150909_102748.jpg 1024w, http:\/\/filsbach.com\/wp-content\/uploads\/2015\/09\/20150909_102748-100x56.jpg 100w, http:\/\/filsbach.com\/wp-content\/uploads\/2015\/09\/20150909_102748-150x84.jpg 150w, http:\/\/filsbach.com\/wp-content\/uploads\/2015\/09\/20150909_102748-200x113.jpg 200w, http:\/\/filsbach.com\/wp-content\/uploads\/2015\/09\/20150909_102748-450x253.jpg 450w, http:\/\/filsbach.com\/wp-content\/uploads\/2015\/09\/20150909_102748-600x338.jpg 600w, http:\/\/filsbach.com\/wp-content\/uploads\/2015\/09\/20150909_102748-900x506.jpg 900w\" sizes=\"(max-width: 300px) 100vw, 300px\" \/><\/a>\u00a0 <a href=\"http:\/\/filsbach.com\/wp-content\/uploads\/2015\/09\/20150902_113107.jpg\"><img loading=\"lazy\" class=\"alignnone size-medium wp-image-1081\" src=\"http:\/\/filsbach.com\/wp-content\/uploads\/2015\/09\/20150902_113107-300x169.jpg\" alt=\"20150902_113107\" width=\"300\" height=\"169\" srcset=\"http:\/\/filsbach.com\/wp-content\/uploads\/2015\/09\/20150902_113107-300x169.jpg 300w, http:\/\/filsbach.com\/wp-content\/uploads\/2015\/09\/20150902_113107.jpg 1024w, http:\/\/filsbach.com\/wp-content\/uploads\/2015\/09\/20150902_113107-100x56.jpg 100w, http:\/\/filsbach.com\/wp-content\/uploads\/2015\/09\/20150902_113107-150x84.jpg 150w, http:\/\/filsbach.com\/wp-content\/uploads\/2015\/09\/20150902_113107-200x113.jpg 200w, http:\/\/filsbach.com\/wp-content\/uploads\/2015\/09\/20150902_113107-450x253.jpg 450w, http:\/\/filsbach.com\/wp-content\/uploads\/2015\/09\/20150902_113107-600x338.jpg 600w, http:\/\/filsbach.com\/wp-content\/uploads\/2015\/09\/20150902_113107-900x506.jpg 900w\" sizes=\"(max-width: 300px) 100vw, 300px\" \/><\/a> <a href=\"http:\/\/filsbach.com\/wp-content\/uploads\/2015\/09\/20150902_111445.jpg\"><img loading=\"lazy\" class=\"alignnone size-medium wp-image-1080\" src=\"http:\/\/filsbach.com\/wp-content\/uploads\/2015\/09\/20150902_111445-169x300.jpg\" alt=\"20150902_111445\" width=\"169\" height=\"300\" srcset=\"http:\/\/filsbach.com\/wp-content\/uploads\/2015\/09\/20150902_111445-169x300.jpg 169w, http:\/\/filsbach.com\/wp-content\/uploads\/2015\/09\/20150902_111445-576x1024.jpg 576w, http:\/\/filsbach.com\/wp-content\/uploads\/2015\/09\/20150902_111445-100x178.jpg 100w, http:\/\/filsbach.com\/wp-content\/uploads\/2015\/09\/20150902_111445-150x267.jpg 150w, http:\/\/filsbach.com\/wp-content\/uploads\/2015\/09\/20150902_111445-200x356.jpg 200w, http:\/\/filsbach.com\/wp-content\/uploads\/2015\/09\/20150902_111445-300x533.jpg 300w, http:\/\/filsbach.com\/wp-content\/uploads\/2015\/09\/20150902_111445-450x800.jpg 450w, http:\/\/filsbach.com\/wp-content\/uploads\/2015\/09\/20150902_111445-600x1067.jpg 600w, http:\/\/filsbach.com\/wp-content\/uploads\/2015\/09\/20150902_111445-900x1600.jpg 900w, http:\/\/filsbach.com\/wp-content\/uploads\/2015\/09\/20150902_111445.jpg 432w\" sizes=\"(max-width: 169px) 100vw, 169px\" \/><\/a> <a href=\"http:\/\/filsbach.com\/wp-content\/uploads\/2015\/09\/20150909_092353.jpg\"><img loading=\"lazy\" class=\"alignnone size-medium wp-image-1087\" src=\"http:\/\/filsbach.com\/wp-content\/uploads\/2015\/09\/20150909_092353-300x169.jpg\" alt=\"20150909_092353\" width=\"300\" height=\"169\" srcset=\"http:\/\/filsbach.com\/wp-content\/uploads\/2015\/09\/20150909_092353-300x169.jpg 300w, http:\/\/filsbach.com\/wp-content\/uploads\/2015\/09\/20150909_092353.jpg 1024w, http:\/\/filsbach.com\/wp-content\/uploads\/2015\/09\/20150909_092353-100x56.jpg 100w, http:\/\/filsbach.com\/wp-content\/uploads\/2015\/09\/20150909_092353-150x84.jpg 150w, http:\/\/filsbach.com\/wp-content\/uploads\/2015\/09\/20150909_092353-200x113.jpg 200w, http:\/\/filsbach.com\/wp-content\/uploads\/2015\/09\/20150909_092353-450x253.jpg 450w, http:\/\/filsbach.com\/wp-content\/uploads\/2015\/09\/20150909_092353-600x338.jpg 600w, http:\/\/filsbach.com\/wp-content\/uploads\/2015\/09\/20150909_092353-900x506.jpg 900w\" sizes=\"(max-width: 300px) 100vw, 300px\" \/><\/a> <a href=\"http:\/\/filsbach.com\/wp-content\/uploads\/2015\/09\/20150908_120702.jpg\"><img loading=\"lazy\" class=\"alignnone size-medium wp-image-1086\" src=\"http:\/\/filsbach.com\/wp-content\/uploads\/2015\/09\/20150908_120702-300x169.jpg\" alt=\"20150908_120702\" width=\"300\" height=\"169\" srcset=\"http:\/\/filsbach.com\/wp-content\/uploads\/2015\/09\/20150908_120702-300x169.jpg 300w, http:\/\/filsbach.com\/wp-content\/uploads\/2015\/09\/20150908_120702.jpg 1024w, http:\/\/filsbach.com\/wp-content\/uploads\/2015\/09\/20150908_120702-100x56.jpg 100w, http:\/\/filsbach.com\/wp-content\/uploads\/2015\/09\/20150908_120702-150x84.jpg 150w, http:\/\/filsbach.com\/wp-content\/uploads\/2015\/09\/20150908_120702-200x113.jpg 200w, http:\/\/filsbach.com\/wp-content\/uploads\/2015\/09\/20150908_120702-450x253.jpg 450w, http:\/\/filsbach.com\/wp-content\/uploads\/2015\/09\/20150908_120702-600x338.jpg 600w, http:\/\/filsbach.com\/wp-content\/uploads\/2015\/09\/20150908_120702-900x506.jpg 900w\" sizes=\"(max-width: 300px) 100vw, 300px\" \/><\/a> <a href=\"http:\/\/filsbach.com\/wp-content\/uploads\/2015\/09\/20150902_110420.jpg\"><img loading=\"lazy\" class=\"alignnone size-medium wp-image-1079\" src=\"http:\/\/filsbach.com\/wp-content\/uploads\/2015\/09\/20150902_110420-300x169.jpg\" alt=\"20150902_110420\" width=\"300\" height=\"169\" srcset=\"http:\/\/filsbach.com\/wp-content\/uploads\/2015\/09\/20150902_110420-300x169.jpg 300w, http:\/\/filsbach.com\/wp-content\/uploads\/2015\/09\/20150902_110420.jpg 1024w, http:\/\/filsbach.com\/wp-content\/uploads\/2015\/09\/20150902_110420-100x56.jpg 100w, http:\/\/filsbach.com\/wp-content\/uploads\/2015\/09\/20150902_110420-150x84.jpg 150w, http:\/\/filsbach.com\/wp-content\/uploads\/2015\/09\/20150902_110420-200x113.jpg 200w, http:\/\/filsbach.com\/wp-content\/uploads\/2015\/09\/20150902_110420-450x253.jpg 450w, http:\/\/filsbach.com\/wp-content\/uploads\/2015\/09\/20150902_110420-600x338.jpg 600w, http:\/\/filsbach.com\/wp-content\/uploads\/2015\/09\/20150902_110420-900x506.jpg 900w\" sizes=\"(max-width: 300px) 100vw, 300px\" \/><\/a><a href=\"http:\/\/filsbach.com\/wp-content\/uploads\/2015\/09\/20150910_112240.jpg\">\u00a0\u00a0\u00a0\u00a0\u00a0\u00a0\u00a0\u00a0\u00a0 <img loading=\"lazy\" class=\"alignnone size-medium wp-image-1094\" src=\"http:\/\/filsbach.com\/wp-content\/uploads\/2015\/09\/20150910_112240-300x169.jpg\" alt=\"20150910_112240\" width=\"300\" height=\"169\" srcset=\"http:\/\/filsbach.com\/wp-content\/uploads\/2015\/09\/20150910_112240-300x169.jpg 300w, http:\/\/filsbach.com\/wp-content\/uploads\/2015\/09\/20150910_112240.jpg 1024w, http:\/\/filsbach.com\/wp-content\/uploads\/2015\/09\/20150910_112240-100x56.jpg 100w, http:\/\/filsbach.com\/wp-content\/uploads\/2015\/09\/20150910_112240-150x84.jpg 150w, http:\/\/filsbach.com\/wp-content\/uploads\/2015\/09\/20150910_112240-200x113.jpg 200w, http:\/\/filsbach.com\/wp-content\/uploads\/2015\/09\/20150910_112240-450x253.jpg 450w, http:\/\/filsbach.com\/wp-content\/uploads\/2015\/09\/20150910_112240-600x338.jpg 600w, http:\/\/filsbach.com\/wp-content\/uploads\/2015\/09\/20150910_112240-900x506.jpg 900w\" sizes=\"(max-width: 300px) 100vw, 300px\" \/><\/a><\/p>\n","protected":false},"excerpt":{"rendered":"<p>Qualifizierungsinitiative im Stadtteil -gef\u00f6rdert von der Stadt Mannheim &#8211;\u00a0 &nbsp; Zielgruppe: Jugendliche ab 14 Jahren und junge Erwachsene \u00a0 \u00a0 \u00a0 \u00a0 \u00a0 \u00a0 \u00a0 \u00a0 \u00a0\u00a0\u00a0\u00a0\u00a0 \u00a0 \u00a0 \u00a0 \u00a0 \u00a0 \u00a0 \u00a0 \u00a0 \u00a0 Inhalte: &nbsp; * politische &hellip;<\/p>\n<p class=\"read-more\"> <a class=\"more-link\" href=\"http:\/\/filsbach.com\/?page_id=136\"> <span class=\"screen-reader-text\">QuiSt<\/span> Read More &raquo;<\/a><\/p>\n","protected":false},"author":2,"featured_media":0,"parent":0,"menu_order":0,"comment_status":"closed","ping_status":"closed","template":"full-width-page.php","meta":[],"_links":{"self":[{"href":"http:\/\/filsbach.com\/index.php?rest_route=\/wp\/v2\/pages\/136"}],"collection":[{"href":"http:\/\/filsbach.com\/index.php?rest_route=\/wp\/v2\/pages"}],"about":[{"href":"http:\/\/filsbach.com\/index.php?rest_route=\/wp\/v2\/types\/page"}],"author":[{"embeddable":true,"href":"http:\/\/filsbach.com\/index.php?rest_route=\/wp\/v2\/users\/2"}],"replies":[{"embeddable":true,"href":"http:\/\/filsbach.com\/index.php?rest_route=%2Fwp%2Fv2%2Fcomments&post=136"}],"version-history":[{"count":47,"href":"http:\/\/filsbach.com\/index.php?rest_route=\/wp\/v2\/pages\/136\/revisions"}],"predecessor-version":[{"id":1350,"href":"http:\/\/filsbach.com\/index.php?rest_route=\/wp\/v2\/pages\/136\/revisions\/1350"}],"wp:attachment":[{"href":"http:\/\/filsbach.com\/index.php?rest_route=%2Fwp%2Fv2%2Fmedia&parent=136"}],"curies":[{"name":"wp","href":"https:\/\/api.w.org\/{rel}","templated":true}]}}